{"id":788,"date":"2018-11-28T09:55:12","date_gmt":"2018-11-28T08:55:12","guid":{"rendered":"http:\/\/www.brzezialaka.archidiecezja.wroc.pl\/parafia\/?page_id=788"},"modified":"2018-11-28T17:12:40","modified_gmt":"2018-11-28T16:12:40","slug":"kaplica-sliwice","status":"publish","type":"page","link":"http:\/\/www.brzezialaka.archidiecezja.wroc.pl\/parafia\/?page_id=788","title":{"rendered":"\u015aliwice"},"content":{"rendered":"<p style=\"text-align: left;\"><img decoding=\"async\" loading=\"lazy\" class=\"size-medium wp-image-785 alignleft\" src=\"http:\/\/www.brzezialaka.archidiecezja.wroc.pl\/parafia\/wp-content\/uploads\/2018\/11\/Kalendarz_2019-04-300x196.jpg\" alt=\"\" width=\"300\" height=\"196\" srcset=\"http:\/\/www.brzezialaka.archidiecezja.wroc.pl\/parafia\/wp-content\/uploads\/2018\/11\/Kalendarz_2019-04-300x196.jpg 300w, http:\/\/www.brzezialaka.archidiecezja.wroc.pl\/parafia\/wp-content\/uploads\/2018\/11\/Kalendarz_2019-04-768x502.jpg 768w, http:\/\/www.brzezialaka.archidiecezja.wroc.pl\/parafia\/wp-content\/uploads\/2018\/11\/Kalendarz_2019-04-1024x670.jpg 1024w\" sizes=\"(max-width: 300px) 100vw, 300px\" \/><br \/>\n<strong>Adres:<\/strong><br \/>\nul. Topolowa 2<br \/>\n\u015aliwice<br \/>\n55-093 Kie\u0142cz\u00f3w<\/p>\n<p>&nbsp;<\/p>\n<p>&nbsp;<\/p>\n<p>&nbsp;<\/p>\n<p><iframe loading=\"lazy\" style=\"border: 0;\" src=\"https:\/\/www.google.com\/maps\/embed?pb=!1m18!1m12!1m3!1d2977.673397865924!2d17.2129229498288!3d51.128477980371336!2m3!1f0!2f0!3f0!3m2!1i1024!2i768!4f13.1!3m3!1m2!1s0x470fe6e2bd9a526b%3A0x5ddb6b8f1f165ce6!2sTopolowa+2%2C+55-093%2C+Polska!5e0!3m2!1spl!2sfi!4v1543419710867\" width=\"600\" height=\"450\" frameborder=\"0\" allowfullscreen=\"allowfullscreen\"><\/iframe><\/p>\n","protected":false},"excerpt":{"rendered":"<p>Adres: ul. Topolowa 2 \u015aliwice 55-093 Kie\u0142cz\u00f3w &nbsp; &nbsp; &nbsp;<\/p>\n","protected":false},"author":6,"featured_media":0,"parent":0,"menu_order":0,"comment_status":"closed","ping_status":"closed","template":"","meta":[],"_links":{"self":[{"href":"http:\/\/www.brzezialaka.archidiecezja.wroc.pl\/parafia\/index.php?rest_route=\/wp\/v2\/pages\/788"}],"collection":[{"href":"http:\/\/www.brzezialaka.archidiecezja.wroc.pl\/parafia\/index.php?rest_route=\/wp\/v2\/pages"}],"about":[{"href":"http:\/\/www.brzezialaka.archidiecezja.wroc.pl\/parafia\/index.php?rest_route=\/wp\/v2\/types\/page"}],"author":[{"embeddable":true,"href":"http:\/\/www.brzezialaka.archidiecezja.wroc.pl\/parafia\/index.php?rest_route=\/wp\/v2\/users\/6"}],"replies":[{"embeddable":true,"href":"http:\/\/www.brzezialaka.archidiecezja.wroc.pl\/parafia\/index.php?rest_route=%2Fwp%2Fv2%2Fcomments&post=788"}],"version-history":[{"count":11,"href":"http:\/\/www.brzezialaka.archidiecezja.wroc.pl\/parafia\/index.php?rest_route=\/wp\/v2\/pages\/788\/revisions"}],"predecessor-version":[{"id":816,"href":"http:\/\/www.brzezialaka.archidiecezja.wroc.pl\/parafia\/index.php?rest_route=\/wp\/v2\/pages\/788\/revisions\/816"}],"wp:attachment":[{"href":"http:\/\/www.brzezialaka.archidiecezja.wroc.pl\/parafia\/index.php?rest_route=%2Fwp%2Fv2%2Fmedia&parent=788"}],"curies":[{"name":"wp","href":"https:\/\/api.w.org\/{rel}","templated":true}]}}