{"id":783,"date":"2018-11-28T09:47:39","date_gmt":"2018-11-28T08:47:39","guid":{"rendered":"http:\/\/www.brzezialaka.archidiecezja.wroc.pl\/parafia\/?page_id=783"},"modified":"2020-10-09T19:32:54","modified_gmt":"2020-10-09T17:32:54","slug":"kaplica-rakow","status":"publish","type":"page","link":"http:\/\/www.brzezialaka.archidiecezja.wroc.pl\/parafia\/?page_id=783","title":{"rendered":"Rak\u00f3w"},"content":{"rendered":"<p><img decoding=\"async\" loading=\"lazy\" class=\"size-medium wp-image-786 alignleft\" src=\"http:\/\/www.brzezialaka.archidiecezja.wroc.pl\/parafia\/wp-content\/uploads\/2018\/11\/Kalendarz_2019-10-300x161.jpg\" alt=\"\" width=\"300\" height=\"161\" srcset=\"http:\/\/www.brzezialaka.archidiecezja.wroc.pl\/parafia\/wp-content\/uploads\/2018\/11\/Kalendarz_2019-10-300x161.jpg 300w, http:\/\/www.brzezialaka.archidiecezja.wroc.pl\/parafia\/wp-content\/uploads\/2018\/11\/Kalendarz_2019-10-768x413.jpg 768w, http:\/\/www.brzezialaka.archidiecezja.wroc.pl\/parafia\/wp-content\/uploads\/2018\/11\/Kalendarz_2019-10-1024x550.jpg 1024w\" sizes=\"(max-width: 300px) 100vw, 300px\" \/><\/p>\n<p><strong>Adres:<\/strong><br \/>\nRak\u00f3w<br \/>\n55-093 Kie\u0142cz\u00f3w<\/p>\n<p>Konto Remontowe kaplicy w Rakowie: 37 9584 1021 2003 0301 7649 0005<\/p>\n<p>Zach\u0119camy do przeczytania artyku\u0142u Anny Mysiary &#8211; <em><a href=\"http:\/\/www.brzezialaka.archidiecezja.wroc.pl\/parafia\/wp-content\/uploads\/2019\/06\/kaplica_Rakow.pdf\">&#8220;KAPLICA &#8211; antyczna pere\u0142ka Rakowa&#8221;<\/a>.<\/em><\/p>\n<p><iframe loading=\"lazy\" style=\"border: 0;\" src=\"https:\/\/www.google.com\/maps\/embed?pb=!1m18!1m12!1m3!1d2501.6782825111077!2d17.273432766035086!3d51.16972031004545!2m3!1f0!2f0!3f0!3m2!1i1024!2i768!4f13.1!3m3!1m2!1s0x470fe40517bcc21d%3A0x99390addb63402e5!2sKo%C5%9Bci%C3%B3%C5%82+Rzymskokatolicki+Matki+Bo%C5%BCej+Kr%C3%B3lowej+%C5%9Awiata+(Kaplica+grobowa)!5e0!3m2!1spl!2spl!4v1543394823968\" width=\"600\" height=\"450\" frameborder=\"0\" allowfullscreen=\"allowfullscreen\"><\/iframe><\/p>\n","protected":false},"excerpt":{"rendered":"<p>Adres: Rak\u00f3w 55-093 Kie\u0142cz\u00f3w Konto Remontowe kaplicy w Rakowie: 37 9584 1021 2003 0301 7649 0005 Zach\u0119camy do przeczytania artyku\u0142u Anny Mysiary &#8211; &#8220;KAPLICA &#8211; antyczna pere\u0142ka Rakowa&#8221;.<\/p>\n","protected":false},"author":6,"featured_media":0,"parent":0,"menu_order":0,"comment_status":"closed","ping_status":"closed","template":"","meta":[],"_links":{"self":[{"href":"http:\/\/www.brzezialaka.archidiecezja.wroc.pl\/parafia\/index.php?rest_route=\/wp\/v2\/pages\/783"}],"collection":[{"href":"http:\/\/www.brzezialaka.archidiecezja.wroc.pl\/parafia\/index.php?rest_route=\/wp\/v2\/pages"}],"about":[{"href":"http:\/\/www.brzezialaka.archidiecezja.wroc.pl\/parafia\/index.php?rest_route=\/wp\/v2\/types\/page"}],"author":[{"embeddable":true,"href":"http:\/\/www.brzezialaka.archidiecezja.wroc.pl\/parafia\/index.php?rest_route=\/wp\/v2\/users\/6"}],"replies":[{"embeddable":true,"href":"http:\/\/www.brzezialaka.archidiecezja.wroc.pl\/parafia\/index.php?rest_route=%2Fwp%2Fv2%2Fcomments&post=783"}],"version-history":[{"count":8,"href":"http:\/\/www.brzezialaka.archidiecezja.wroc.pl\/parafia\/index.php?rest_route=\/wp\/v2\/pages\/783\/revisions"}],"predecessor-version":[{"id":1711,"href":"http:\/\/www.brzezialaka.archidiecezja.wroc.pl\/parafia\/index.php?rest_route=\/wp\/v2\/pages\/783\/revisions\/1711"}],"wp:attachment":[{"href":"http:\/\/www.brzezialaka.archidiecezja.wroc.pl\/parafia\/index.php?rest_route=%2Fwp%2Fv2%2Fmedia&parent=783"}],"curies":[{"name":"wp","href":"https:\/\/api.w.org\/{rel}","templated":true}]}}