{"id":780,"date":"2018-11-28T09:45:25","date_gmt":"2018-11-28T08:45:25","guid":{"rendered":"http:\/\/www.brzezialaka.archidiecezja.wroc.pl\/parafia\/?page_id=780"},"modified":"2018-11-28T17:14:29","modified_gmt":"2018-11-28T16:14:29","slug":"kaplica-katna","status":"publish","type":"page","link":"http:\/\/www.brzezialaka.archidiecezja.wroc.pl\/parafia\/?page_id=780","title":{"rendered":"K\u0105tna"},"content":{"rendered":"<p><img decoding=\"async\" loading=\"lazy\" class=\"size-medium wp-image-781 alignleft\" src=\"http:\/\/www.brzezialaka.archidiecezja.wroc.pl\/parafia\/wp-content\/uploads\/2018\/11\/Kalendarz_2019-031-300x201.jpg\" alt=\"\" width=\"300\" height=\"201\" srcset=\"http:\/\/www.brzezialaka.archidiecezja.wroc.pl\/parafia\/wp-content\/uploads\/2018\/11\/Kalendarz_2019-031-300x201.jpg 300w, http:\/\/www.brzezialaka.archidiecezja.wroc.pl\/parafia\/wp-content\/uploads\/2018\/11\/Kalendarz_2019-031-768x515.jpg 768w, http:\/\/www.brzezialaka.archidiecezja.wroc.pl\/parafia\/wp-content\/uploads\/2018\/11\/Kalendarz_2019-031.jpg 1024w\" sizes=\"(max-width: 300px) 100vw, 300px\" \/><\/p>\n<p><strong>Adres:<\/strong><br \/>\nK\u0105tna 22<br \/>\n55-093 Kie\u0142cz\u00f3w<\/p>\n<p>&nbsp;<\/p>\n<p>&nbsp;<\/p>\n<p>&nbsp;<\/p>\n<p>&nbsp;<\/p>\n<p><iframe loading=\"lazy\" style=\"border: 0;\" src=\"https:\/\/www.google.com\/maps\/embed?pb=!1m18!1m12!1m3!1d5955.122903850565!2d17.28028371737577!3d51.1301952039647!2m3!1f0!2f0!3f0!3m2!1i1024!2i768!4f13.1!3m3!1m2!1s0x470fe193f451d7a9%3A0x5b810676bf75f6b0!2sKo%C5%9Bci%C3%B3%C5%82+p.w.+Matki+Boskiej+Cz%C4%99stochowskiej!5e0!3m2!1spl!2spl!4v1543394554855\" width=\"600\" height=\"450\" frameborder=\"0\" allowfullscreen=\"allowfullscreen\"><\/iframe><\/p>\n","protected":false},"excerpt":{"rendered":"<p>Adres: K\u0105tna 22 55-093 Kie\u0142cz\u00f3w &nbsp; &nbsp; &nbsp; &nbsp;<\/p>\n","protected":false},"author":6,"featured_media":0,"parent":0,"menu_order":0,"comment_status":"closed","ping_status":"closed","template":"","meta":[],"_links":{"self":[{"href":"http:\/\/www.brzezialaka.archidiecezja.wroc.pl\/parafia\/index.php?rest_route=\/wp\/v2\/pages\/780"}],"collection":[{"href":"http:\/\/www.brzezialaka.archidiecezja.wroc.pl\/parafia\/index.php?rest_route=\/wp\/v2\/pages"}],"about":[{"href":"http:\/\/www.brzezialaka.archidiecezja.wroc.pl\/parafia\/index.php?rest_route=\/wp\/v2\/types\/page"}],"author":[{"embeddable":true,"href":"http:\/\/www.brzezialaka.archidiecezja.wroc.pl\/parafia\/index.php?rest_route=\/wp\/v2\/users\/6"}],"replies":[{"embeddable":true,"href":"http:\/\/www.brzezialaka.archidiecezja.wroc.pl\/parafia\/index.php?rest_route=%2Fwp%2Fv2%2Fcomments&post=780"}],"version-history":[{"count":3,"href":"http:\/\/www.brzezialaka.archidiecezja.wroc.pl\/parafia\/index.php?rest_route=\/wp\/v2\/pages\/780\/revisions"}],"predecessor-version":[{"id":807,"href":"http:\/\/www.brzezialaka.archidiecezja.wroc.pl\/parafia\/index.php?rest_route=\/wp\/v2\/pages\/780\/revisions\/807"}],"wp:attachment":[{"href":"http:\/\/www.brzezialaka.archidiecezja.wroc.pl\/parafia\/index.php?rest_route=%2Fwp%2Fv2%2Fmedia&parent=780"}],"curies":[{"name":"wp","href":"https:\/\/api.w.org\/{rel}","templated":true}]}}