{"id":735,"date":"2018-11-23T13:20:07","date_gmt":"2018-11-23T12:20:07","guid":{"rendered":"http:\/\/www.brzezialaka.archidiecezja.wroc.pl\/parafia\/?page_id=735"},"modified":"2018-11-23T13:20:07","modified_gmt":"2018-11-23T12:20:07","slug":"bierzmowanie","status":"publish","type":"page","link":"http:\/\/www.brzezialaka.archidiecezja.wroc.pl\/parafia\/?page_id=735","title":{"rendered":"Bierzmowanie"},"content":{"rendered":"<p>Do Sakramentu Bierzmowania przyst\u0119puj\u0105 co roku uczniowie klas III gimnazjum.<br \/>\nNa przyst\u0105pienie do sakramentu bierzmowania poza w\u0142asn\u0105 parafi\u0105 wymagana jest zgoda proboszcza parafii macierzystej.<\/p>\n","protected":false},"excerpt":{"rendered":"<p>Do Sakramentu Bierzmowania przyst\u0119puj\u0105 co roku uczniowie klas III gimnazjum. Na przyst\u0105pienie do sakramentu bierzmowania poza w\u0142asn\u0105 parafi\u0105 wymagana jest zgoda proboszcza parafii macierzystej.<\/p>\n","protected":false},"author":6,"featured_media":0,"parent":0,"menu_order":0,"comment_status":"closed","ping_status":"closed","template":"","meta":[],"_links":{"self":[{"href":"http:\/\/www.brzezialaka.archidiecezja.wroc.pl\/parafia\/index.php?rest_route=\/wp\/v2\/pages\/735"}],"collection":[{"href":"http:\/\/www.brzezialaka.archidiecezja.wroc.pl\/parafia\/index.php?rest_route=\/wp\/v2\/pages"}],"about":[{"href":"http:\/\/www.brzezialaka.archidiecezja.wroc.pl\/parafia\/index.php?rest_route=\/wp\/v2\/types\/page"}],"author":[{"embeddable":true,"href":"http:\/\/www.brzezialaka.archidiecezja.wroc.pl\/parafia\/index.php?rest_route=\/wp\/v2\/users\/6"}],"replies":[{"embeddable":true,"href":"http:\/\/www.brzezialaka.archidiecezja.wroc.pl\/parafia\/index.php?rest_route=%2Fwp%2Fv2%2Fcomments&post=735"}],"version-history":[{"count":1,"href":"http:\/\/www.brzezialaka.archidiecezja.wroc.pl\/parafia\/index.php?rest_route=\/wp\/v2\/pages\/735\/revisions"}],"predecessor-version":[{"id":736,"href":"http:\/\/www.brzezialaka.archidiecezja.wroc.pl\/parafia\/index.php?rest_route=\/wp\/v2\/pages\/735\/revisions\/736"}],"wp:attachment":[{"href":"http:\/\/www.brzezialaka.archidiecezja.wroc.pl\/parafia\/index.php?rest_route=%2Fwp%2Fv2%2Fmedia&parent=735"}],"curies":[{"name":"wp","href":"https:\/\/api.w.org\/{rel}","templated":true}]}}