{"id":733,"date":"2018-11-23T13:19:43","date_gmt":"2018-11-23T12:19:43","guid":{"rendered":"http:\/\/www.brzezialaka.archidiecezja.wroc.pl\/parafia\/?page_id=733"},"modified":"2018-11-23T13:19:43","modified_gmt":"2018-11-23T12:19:43","slug":"chrzest-sw","status":"publish","type":"page","link":"http:\/\/www.brzezialaka.archidiecezja.wroc.pl\/parafia\/?page_id=733","title":{"rendered":"Chrzest \u015bw."},"content":{"rendered":"<p>Przy zg\u0142oszeniu Chrztu dziecka wymagane s\u0105 nast\u0119puj\u0105ce dokumenty:<\/p>\n<ul>\n<li>metryka urodzenia dziecka<\/li>\n<li>chrzestni z poza parafii musz\u0105 przedstawi\u0107 za\u015bwiadczenie ze swojej parafii<\/li>\n<\/ul>\n<p>Warunki, kt\u00f3ry musz\u0105 spe\u0142ni\u0107 rodzice chrzestni:<\/p>\n<ul>\n<li>uko\u0144czony 16 rok \u017cycia<\/li>\n<li>sakrament bierzmowania<\/li>\n<li>bez przeszk\u00f3d przyst\u0119puj\u0105 do Sakrament\u00f3w \u015bw.<\/li>\n<\/ul>\n","protected":false},"excerpt":{"rendered":"<p>Przy zg\u0142oszeniu Chrztu dziecka wymagane s\u0105 nast\u0119puj\u0105ce dokumenty: metryka urodzenia dziecka chrzestni z poza parafii musz\u0105 przedstawi\u0107 za\u015bwiadczenie ze swojej parafii Warunki, kt\u00f3ry musz\u0105 spe\u0142ni\u0107 rodzice chrzestni: uko\u0144czony 16 rok \u017cycia sakrament bierzmowania bez&#46;&#46;&#46;<\/p>\n","protected":false},"author":6,"featured_media":0,"parent":0,"menu_order":0,"comment_status":"closed","ping_status":"closed","template":"","meta":[],"_links":{"self":[{"href":"http:\/\/www.brzezialaka.archidiecezja.wroc.pl\/parafia\/index.php?rest_route=\/wp\/v2\/pages\/733"}],"collection":[{"href":"http:\/\/www.brzezialaka.archidiecezja.wroc.pl\/parafia\/index.php?rest_route=\/wp\/v2\/pages"}],"about":[{"href":"http:\/\/www.brzezialaka.archidiecezja.wroc.pl\/parafia\/index.php?rest_route=\/wp\/v2\/types\/page"}],"author":[{"embeddable":true,"href":"http:\/\/www.brzezialaka.archidiecezja.wroc.pl\/parafia\/index.php?rest_route=\/wp\/v2\/users\/6"}],"replies":[{"embeddable":true,"href":"http:\/\/www.brzezialaka.archidiecezja.wroc.pl\/parafia\/index.php?rest_route=%2Fwp%2Fv2%2Fcomments&post=733"}],"version-history":[{"count":1,"href":"http:\/\/www.brzezialaka.archidiecezja.wroc.pl\/parafia\/index.php?rest_route=\/wp\/v2\/pages\/733\/revisions"}],"predecessor-version":[{"id":734,"href":"http:\/\/www.brzezialaka.archidiecezja.wroc.pl\/parafia\/index.php?rest_route=\/wp\/v2\/pages\/733\/revisions\/734"}],"wp:attachment":[{"href":"http:\/\/www.brzezialaka.archidiecezja.wroc.pl\/parafia\/index.php?rest_route=%2Fwp%2Fv2%2Fmedia&parent=733"}],"curies":[{"name":"wp","href":"https:\/\/api.w.org\/{rel}","templated":true}]}}