{"id":451,"date":"2018-02-04T19:45:06","date_gmt":"2018-02-04T18:45:06","guid":{"rendered":"http:\/\/www.brzezialaka.archidiecezja.wroc.pl\/parafia\/?page_id=451"},"modified":"2018-02-04T19:45:06","modified_gmt":"2018-02-04T18:45:06","slug":"o-caritas","status":"publish","type":"page","link":"http:\/\/www.brzezialaka.archidiecezja.wroc.pl\/parafia\/?page_id=451","title":{"rendered":"O Caritas"},"content":{"rendered":"<p><img decoding=\"async\" loading=\"lazy\" class=\"alignnone size-medium wp-image-272 alignleft\" src=\"http:\/\/www.brzezialaka.archidiecezja.wroc.pl\/parafia\/wp-content\/uploads\/2018\/01\/caritas-300x100.png\" alt=\"\" width=\"300\" height=\"100\" \/>Parafialny Zesp\u00f3\u0142 Caritas przy parafii p.w. \u015aw. Miko\u0142aja w Brzeziej \u0141\u0105ce powsta\u0142 w lutym 2009r. W latach 2003-2009 grupa dzia\u0142a\u0142a jako parafialny zesp\u00f3\u0142 charytatywny. Pocz\u0105tkowo w sk\u0142ad Zespo\u0142u wchodzi\u0142o 15 os\u00f3b z terenu ca\u0142ej parafii. Obecnie aktywnie dzia\u0142a 8 os\u00f3b w tym wszystkie z Rakowa. Do statutowych zada\u0144 PZC nale\u017cy szeroko poj\u0119ta dzia\u0142alno\u015b\u0107 charytatywno- opieku\u0144cza skierowana do os\u00f3b potrzebuj\u0105cych wsparcia duchowego i materialnego. W ostatnich latach dzi\u0119ki uprzejmo\u015bci i zrozumieniu parafian oraz w\u0142a\u015bcicieli sklep\u00f3w po\u0142o\u017conych na terenie parafii 2 razy w roku, przy okazji najwi\u0119kszych \u015awi\u0105t, zbierana jest \u017cywno\u015b\u0107, kt\u00f3r\u0105 nast\u0119pnie Zesp\u00f3\u0142 przekazuje 12-15 potrzebuj\u0105cym rodzinom. Ka\u017cdego roku we wsp\u00f3\u0142pracy z dyrektorami i pedagogami szk\u00f3\u0142 w Borowej i w Brzeziej \u0141\u0105ce, w miar\u0119 potrzeb udzielana jest pomoc finansowa i rzeczowa dzieciom (dofinansowanie do wyjazd\u00f3w edukacyjnych i wycieczek, warsztat\u00f3w plastycznych, zakup artyku\u0142\u00f3w szkolnych i gier do \u015bwietlic szkolnych). W roku 2011 Zesp\u00f3\u0142 bra\u0142 udzia\u0142 w organizacji pracowni komputerowej otwartej na plebanii (zakup sprz\u0119tu komputerowego i mebli biurowych). \u015arodki pieni\u0119\u017cne s\u0105 zbierane r\u00f3wnie\u017c 2 razy w roku- przed Wielkanoc\u0105 i Bo\u017cym Narodzeniem poprzez sprzeda\u017c w\u0142asnor\u0119cznie wykonanych ozd\u00f3b, stroik\u00f3w i kartek \u015bwi\u0105tecznych. Prace PZC rozprowadzane s\u0105 w\u015br\u00f3d parafian, ale nie tylko- Zesp\u00f3\u0142 ch\u0119tnie bierze udzia\u0142 w festynach i imprezach organizowanych np. przez Urz\u0105d Gminy D\u0142ugo\u0142\u0119ka, Lokaln\u0105 Grup\u0119 Dzia\u0142ania Dobra Widawa, podczas kt\u00f3rych prezentuje i sprzedaje swoje prace. Przygotowania do akcji \u015bwi\u0105tecznych zaczynaj\u0105 si\u0119 ju\u017c 2 miesi\u0105ce przed \u015awi\u0119tami, aby ozdoby by\u0142y dopracowane, pi\u0119kne i oryginalne. Z uwagi na tak ma\u0142\u0105 liczb\u0119 os\u00f3b anga\u017cuj\u0105cych si\u0119 w prace PZC (ka\u017cda z nas pracuje, zajmuje si\u0119 dzie\u0107mi i swoimi domami) wiele doskona\u0142ych pomys\u0142\u00f3w na organizowanie r\u00f3\u017cnorodnej pomocy dla innych ludzi nie mo\u017ce zosta\u0107 zrealizowanych, dlatego gor\u0105co zapraszamy do wsp\u00f3\u0142pracy ch\u0119tne, energiczne, pozytywne osoby z terenu parafii. Jest jeszcze tyle do zrobienia!<\/p>\n<p><a href=\"http:\/\/caritas.pl\/\" target=\"_blank\" rel=\"noopener\">http:\/\/caritas.pl\/<\/a><\/p>\n","protected":false},"excerpt":{"rendered":"<p>Parafialny Zesp\u00f3\u0142 Caritas przy parafii p.w. \u015aw. Miko\u0142aja w Brzeziej \u0141\u0105ce powsta\u0142 w lutym 2009r. W latach 2003-2009 grupa dzia\u0142a\u0142a jako parafialny zesp\u00f3\u0142 charytatywny. Pocz\u0105tkowo w sk\u0142ad Zespo\u0142u wchodzi\u0142o 15 os\u00f3b z terenu ca\u0142ej&#46;&#46;&#46;<\/p>\n","protected":false},"author":6,"featured_media":0,"parent":0,"menu_order":0,"comment_status":"closed","ping_status":"closed","template":"","meta":[],"_links":{"self":[{"href":"http:\/\/www.brzezialaka.archidiecezja.wroc.pl\/parafia\/index.php?rest_route=\/wp\/v2\/pages\/451"}],"collection":[{"href":"http:\/\/www.brzezialaka.archidiecezja.wroc.pl\/parafia\/index.php?rest_route=\/wp\/v2\/pages"}],"about":[{"href":"http:\/\/www.brzezialaka.archidiecezja.wroc.pl\/parafia\/index.php?rest_route=\/wp\/v2\/types\/page"}],"author":[{"embeddable":true,"href":"http:\/\/www.brzezialaka.archidiecezja.wroc.pl\/parafia\/index.php?rest_route=\/wp\/v2\/users\/6"}],"replies":[{"embeddable":true,"href":"http:\/\/www.brzezialaka.archidiecezja.wroc.pl\/parafia\/index.php?rest_route=%2Fwp%2Fv2%2Fcomments&post=451"}],"version-history":[{"count":1,"href":"http:\/\/www.brzezialaka.archidiecezja.wroc.pl\/parafia\/index.php?rest_route=\/wp\/v2\/pages\/451\/revisions"}],"predecessor-version":[{"id":452,"href":"http:\/\/www.brzezialaka.archidiecezja.wroc.pl\/parafia\/index.php?rest_route=\/wp\/v2\/pages\/451\/revisions\/452"}],"wp:attachment":[{"href":"http:\/\/www.brzezialaka.archidiecezja.wroc.pl\/parafia\/index.php?rest_route=%2Fwp%2Fv2%2Fmedia&parent=451"}],"curies":[{"name":"wp","href":"https:\/\/api.w.org\/{rel}","templated":true}]}}