{"id":35,"date":"2018-01-17T16:06:37","date_gmt":"2018-01-17T15:06:37","guid":{"rendered":"http:\/\/brzezialaka.archidiecezja.wroc.pl\/WordPress\/?page_id=35"},"modified":"2023-09-30T13:38:57","modified_gmt":"2023-09-30T11:38:57","slug":"kontakt","status":"publish","type":"page","link":"http:\/\/www.brzezialaka.archidiecezja.wroc.pl\/parafia\/?page_id=35","title":{"rendered":"Kontakt"},"content":{"rendered":"<p><strong>Duszpasterstwo Rzym.-Kat.<\/strong><br \/>\n<strong>Parafii p.w. \u015aw. Miko\u0142aja<\/strong><br \/>\nBrzezia \u0141\u0105ka<br \/>\nul. Ko\u015bcielna 12<br \/>\n55-093 Kie\u0142cz\u00f3w<\/p>\n<p><strong>Telefon: <\/strong>+48 661 942 948<\/p>\n<p><strong>E-mail:<\/strong> <a href=\"mailto:brzezialaka@archidiecezja.wroc.pl\" target=\"_blank\" rel=\"noopener\">brzezialaka@archidiecezja.<wbr \/>wroc.pl<\/a><\/p>\n<p><strong>Regon: <\/strong>040078666<\/p>\n","protected":false},"excerpt":{"rendered":"<p>Duszpasterstwo Rzym.-Kat. Parafii p.w. \u015aw. Miko\u0142aja Brzezia \u0141\u0105ka ul. Ko\u015bcielna 12 55-093 Kie\u0142cz\u00f3w Telefon: +48 661 942 948 E-mail: brzezialaka@archidiecezja.wroc.pl Regon: 040078666<\/p>\n","protected":false},"author":6,"featured_media":0,"parent":0,"menu_order":0,"comment_status":"closed","ping_status":"closed","template":"","meta":[],"_links":{"self":[{"href":"http:\/\/www.brzezialaka.archidiecezja.wroc.pl\/parafia\/index.php?rest_route=\/wp\/v2\/pages\/35"}],"collection":[{"href":"http:\/\/www.brzezialaka.archidiecezja.wroc.pl\/parafia\/index.php?rest_route=\/wp\/v2\/pages"}],"about":[{"href":"http:\/\/www.brzezialaka.archidiecezja.wroc.pl\/parafia\/index.php?rest_route=\/wp\/v2\/types\/page"}],"author":[{"embeddable":true,"href":"http:\/\/www.brzezialaka.archidiecezja.wroc.pl\/parafia\/index.php?rest_route=\/wp\/v2\/users\/6"}],"replies":[{"embeddable":true,"href":"http:\/\/www.brzezialaka.archidiecezja.wroc.pl\/parafia\/index.php?rest_route=%2Fwp%2Fv2%2Fcomments&post=35"}],"version-history":[{"count":19,"href":"http:\/\/www.brzezialaka.archidiecezja.wroc.pl\/parafia\/index.php?rest_route=\/wp\/v2\/pages\/35\/revisions"}],"predecessor-version":[{"id":2543,"href":"http:\/\/www.brzezialaka.archidiecezja.wroc.pl\/parafia\/index.php?rest_route=\/wp\/v2\/pages\/35\/revisions\/2543"}],"wp:attachment":[{"href":"http:\/\/www.brzezialaka.archidiecezja.wroc.pl\/parafia\/index.php?rest_route=%2Fwp%2Fv2%2Fmedia&parent=35"}],"curies":[{"name":"wp","href":"https:\/\/api.w.org\/{rel}","templated":true}]}}