{"id":1843,"date":"2021-02-28T09:45:35","date_gmt":"2021-02-28T08:45:35","guid":{"rendered":"http:\/\/www.brzezialaka.archidiecezja.wroc.pl\/parafia\/?page_id=1843"},"modified":"2021-03-01T10:14:00","modified_gmt":"2021-03-01T09:14:00","slug":"promien-milosierdzia","status":"publish","type":"page","link":"http:\/\/www.brzezialaka.archidiecezja.wroc.pl\/parafia\/?page_id=1843","title":{"rendered":"Promie\u0144 mi\u0142osierdzia"},"content":{"rendered":"<h3 lang=\"zxx\" align=\"center\"><span style=\"color: #800000;\"><strong>OCAL DUSZ\u0118 W GODZINIE \u015aMIERCI<\/strong><\/span><\/h3>\n<p lang=\"zxx\" align=\"center\">Podaj SMS-em <strong>Imi\u0119 umieraj\u0105cego<\/strong> potrzebuj\u0105cego modlitwy<\/p>\n<p lang=\"zxx\" align=\"center\"><span style=\"color: #ff0000;\"><strong>tel. 511 416 811<\/strong><\/span><\/p>\n<p lang=\"zxx\" align=\"center\">Modlimy si\u0119 Koronk\u0105 do Bo\u017cego Mi\u0142osierdzia za wszystkich Imiennie znanych.<\/p>\n<p lang=\"zxx\" align=\"center\">Nie trzeba nic wi\u0119cej pisa\u0107 !<\/p>\n<p lang=\"zxx\" align=\"justify\"><img decoding=\"async\" loading=\"lazy\" class=\"alignleft\" src=\"http:\/\/www.brzezialaka.archidiecezja.wroc.pl\/parafia\/wp-content\/uploads\/2021\/02\/jm.jpg\" alt=\"\" width=\"213\" height=\"426\" \/><\/p>\n<p lang=\"zxx\" align=\"justify\">\u00a0<\/p>\n<p lang=\"zxx\" align=\"justify\">Odmawiaj nieustannie t\u0119 koronk\u0119, kt\u00f3rej ci\u0119 nauczy\u0142em. Ktokolwiek b\u0119dzie j\u0105 odmawia\u0142, dost\u0105pi wielkiego mi\u0142osierdzia w godzin\u0119 \u015bmierci&#8230;<\/p>\n<p lang=\"zxx\" align=\"justify\"><strong>Chocia\u017cby by\u0142 grzesznik najzatwardzialszy, je\u017celi raz tylko zm\u00f3wi t\u0119 koronk\u0119, dost\u0105pi \u0142aski z niesko\u0144czonego mi\u0142osierdzia Mojego (Dz 687)<\/strong><\/p>\n<p lang=\"zxx\" align=\"justify\"><strong>Ka\u017cd\u0105 dusz\u0119 broni\u0119 w godzinie \u015bmierci, jako swej chwa\u0142y, kt\u00f3ra odmawia\u0107 b\u0119dzie t\u0119 koronk\u0119 albo przy konaj\u0105cym inni odm\u00f3wi\u0105 &#8211; jednak odpustu tego samego dost\u0119puj\u0105.<\/strong><\/p>\n<p lang=\"zxx\" align=\"justify\">Kiedy przy konaj\u0105cym odmawiaj\u0105 t\u0119 koronk\u0119, u\u015bmierza si\u0119 gniew Bo\u017cy, a mi\u0142osierdzie niezg\u0142\u0119bione ogarnia dusz\u0119, i porusz\u0105 si\u0119 wn\u0119trzno\u015bci mi\u0142osierdzia Mojego, dla bolesnej m\u0119ki Syna Mojego(Dz 811).<\/p>\n<p lang=\"zxx\" align=\"center\">\u00a0<\/p>\n<p lang=\"zxx\" style=\"text-align: left;\" align=\"center\">\u00a0<\/p>\n<hr \/>\n<p>\u00a0<\/p>\n<p lang=\"zxx\" style=\"text-align: left;\" align=\"left\"><span style=\"color: #800000;\"><strong>\u201eSpe\u0142nij wol\u0119 Bo\u017c\u0105\u201d!<\/strong><\/span><\/p>\n<p lang=\"zxx\">Do\u0142\u0105cz do grona modl\u0105cych si\u0119, utw\u00f3rz &#8216;promie\u0144 mi\u0142osierdzia&#8217;, zadzwo\u0144 lub napisz do nas:<\/p>\n<p lang=\"zxx\" style=\"text-align: center;\">koordynatorka Renata tel. 721 78 08 08 ; <span lang=\"zxx\"><a href=\"mailto:promienmilosierdzia@gmail.com\">promienmilosierdzia@gmail.com<\/a><\/span><\/p>\n<p lang=\"zxx\" align=\"left\">Wybierz dzie\u0144 (dni) w tygodniu, w kt\u00f3rym (w kt\u00f3rych) mo\u017cesz odebra\u0107 SMS z Imieniem osoby potrzebuj\u0105cej. Modlitw\u0119: Koronk\u0119 do Bo\u017cego Mi\u0142osierdzia, mo\u017cesz odm\u00f3wi\u0107 w dowolnym czasie wybranego dnia. Prosz\u0119 jednak o Twoj\u0105 jak najszybsz\u0105 pomoc modlitewn\u0105.<\/p>\n<p lang=\"zxx\" align=\"justify\">Dlaczego podejmujemy si\u0119 tego dzie\u0142a? Bo chcemy ratowa\u0107 dusze w godzinie \u015bmierci wypraszaj\u0105c im ufno\u015b\u0107 w Bo\u017ce Mi\u0142osierdzie.<\/p>\n<p lang=\"zxx\" align=\"justify\">Wsp\u00f3lnota Promie\u0144 Mi\u0142osierdzia powsta\u0142a w celu ocalenia ka\u017cdej duszy w godzinie \u015bmierci.<\/p>\n<p lang=\"zxx\" align=\"justify\">Przy ci\u0119\u017cko chorym i konaj\u0105cym modlitw\u0105: Koronk\u0105 do Bo\u017cego Mi\u0142osierdzia &#8211; pragniemy wyprasza\u0107 ufno\u015b\u0107 dla umieraj\u0105cego i \u0142ask\u0119 ocalenia duszy w Bo\u017cym Mi\u0142osierdziu. Zawi\u0105zujemy Stra\u017c, czyli ostateczn\u0105 lini\u0119 obrony w walce o dusz\u0119 w godzinie \u015bmierci.<\/p>\n<p lang=\"zxx\" align=\"justify\"><strong>C\u00f3rko Moja, dopom\u00f3\u017c Mi zbawia\u0107 dusze. P\u00f3jdziesz do konaj\u0105cego grzesznika i b\u0119dziesz odmawia\u0107 t\u0119 koroneczk\u0119, a przez to wyprosisz mu ufno\u015b\u0107 w Moje mi\u0142osierdzie, gdy\u017c ju\u017c jest w rozpaczy (Dz 1797).<\/strong><\/p>\n<p lang=\"zxx\" align=\"justify\"><strong>C\u00f3rko Moja, pom\u00f3\u017c Mi zbawi\u0107 pewnego grzesznika konaj\u0105cego; odm\u00f3w za niego t\u0119 koronk\u0119, kt\u00f3rej ci\u0119 nauczy\u0142em (Dz. 1565).<\/strong><\/p>\n\n\n<p><\/p>\n","protected":false},"excerpt":{"rendered":"<p>OCAL DUSZ\u0118 W GODZINIE \u015aMIERCI Podaj SMS-em Imi\u0119 umieraj\u0105cego potrzebuj\u0105cego modlitwy tel. 511 416 811 Modlimy si\u0119 Koronk\u0105 do Bo\u017cego Mi\u0142osierdzia za wszystkich Imiennie znanych. Nie trzeba nic wi\u0119cej pisa\u0107 ! \u00a0 Odmawiaj nieustannie&#46;&#46;&#46;<\/p>\n","protected":false},"author":6,"featured_media":0,"parent":0,"menu_order":0,"comment_status":"closed","ping_status":"closed","template":"","meta":[],"_links":{"self":[{"href":"http:\/\/www.brzezialaka.archidiecezja.wroc.pl\/parafia\/index.php?rest_route=\/wp\/v2\/pages\/1843"}],"collection":[{"href":"http:\/\/www.brzezialaka.archidiecezja.wroc.pl\/parafia\/index.php?rest_route=\/wp\/v2\/pages"}],"about":[{"href":"http:\/\/www.brzezialaka.archidiecezja.wroc.pl\/parafia\/index.php?rest_route=\/wp\/v2\/types\/page"}],"author":[{"embeddable":true,"href":"http:\/\/www.brzezialaka.archidiecezja.wroc.pl\/parafia\/index.php?rest_route=\/wp\/v2\/users\/6"}],"replies":[{"embeddable":true,"href":"http:\/\/www.brzezialaka.archidiecezja.wroc.pl\/parafia\/index.php?rest_route=%2Fwp%2Fv2%2Fcomments&post=1843"}],"version-history":[{"count":8,"href":"http:\/\/www.brzezialaka.archidiecezja.wroc.pl\/parafia\/index.php?rest_route=\/wp\/v2\/pages\/1843\/revisions"}],"predecessor-version":[{"id":1856,"href":"http:\/\/www.brzezialaka.archidiecezja.wroc.pl\/parafia\/index.php?rest_route=\/wp\/v2\/pages\/1843\/revisions\/1856"}],"wp:attachment":[{"href":"http:\/\/www.brzezialaka.archidiecezja.wroc.pl\/parafia\/index.php?rest_route=%2Fwp%2Fv2%2Fmedia&parent=1843"}],"curies":[{"name":"wp","href":"https:\/\/api.w.org\/{rel}","templated":true}]}}