{"id":1441,"date":"2020-04-05T06:27:02","date_gmt":"2020-04-05T04:27:02","guid":{"rendered":"http:\/\/www.brzezialaka.archidiecezja.wroc.pl\/parafia\/?page_id=1441"},"modified":"2020-05-07T14:10:00","modified_gmt":"2020-05-07T12:10:00","slug":"konto-parafialne","status":"publish","type":"page","link":"http:\/\/www.brzezialaka.archidiecezja.wroc.pl\/parafia\/?page_id=1441","title":{"rendered":"KONTO PARAFIALNE"},"content":{"rendered":"<p><strong><em>Duszpasterstwo Parafii \u015bw. Miko\u0142aja w Brzeziej \u0141\u0105ce sk\u0142ada serdeczne B\u00f3g zap\u0142a\u0107 wszystkim Parafianom i Ofiarodawcom za sk\u0142adane ofiary na utrzymanie Ko\u015bcio\u0142a i zapewnia o pami\u0119ci modlitewnej.<\/em><\/strong><\/p>\n<p><strong>Numer konta parafialnego:<\/strong><br \/>\nBank Sp\u00f3\u0142dzielczy w Ole\u015bnicy o\/D\u0142ugo\u0142\u0119ka,<br \/>\n<strong>48 9584 1021 2003 0301 7649 0001<\/strong><\/p>\n<p>Duszpasterstwo Rzym.-Kat.Parafii p.w. \u015aw. Miko\u0142aja<br \/>\nul. Ko\u015bcielna 12<br \/>\nBrzezia \u0141\u0105ka<br \/>\n55-093 Kie\u0142cz\u00f3w<\/p>\n<p>Je\u015bli kto\u015b chcia\u0142by z\u0142o\u017cy\u0107 ofiar\u0119 i odpisa\u0107 j\u0105 od podatku to g\u0142\u00f3wne zasady s\u0105 takie:<br \/>\n&#8211; musi by\u0107 PRZELEW na konto parafii<br \/>\n&#8211; w tytule przelewu musi by\u0107 formu\u0142a: DAROWIZNA NA CELE KULTU RELIGIJNEGO<br \/>\n&#8211; odpis wynosi maksymalnie 6% dochodu darczy\u0144cy<\/p>\n","protected":false},"excerpt":{"rendered":"<p>Duszpasterstwo Parafii \u015bw. Miko\u0142aja w Brzeziej \u0141\u0105ce sk\u0142ada serdeczne B\u00f3g zap\u0142a\u0107 wszystkim Parafianom i Ofiarodawcom za sk\u0142adane ofiary na utrzymanie Ko\u015bcio\u0142a i zapewnia o pami\u0119ci modlitewnej. Numer konta parafialnego: Bank Sp\u00f3\u0142dzielczy w Ole\u015bnicy o\/D\u0142ugo\u0142\u0119ka,&#46;&#46;&#46;<\/p>\n","protected":false},"author":6,"featured_media":0,"parent":0,"menu_order":0,"comment_status":"closed","ping_status":"closed","template":"","meta":[],"_links":{"self":[{"href":"http:\/\/www.brzezialaka.archidiecezja.wroc.pl\/parafia\/index.php?rest_route=\/wp\/v2\/pages\/1441"}],"collection":[{"href":"http:\/\/www.brzezialaka.archidiecezja.wroc.pl\/parafia\/index.php?rest_route=\/wp\/v2\/pages"}],"about":[{"href":"http:\/\/www.brzezialaka.archidiecezja.wroc.pl\/parafia\/index.php?rest_route=\/wp\/v2\/types\/page"}],"author":[{"embeddable":true,"href":"http:\/\/www.brzezialaka.archidiecezja.wroc.pl\/parafia\/index.php?rest_route=\/wp\/v2\/users\/6"}],"replies":[{"embeddable":true,"href":"http:\/\/www.brzezialaka.archidiecezja.wroc.pl\/parafia\/index.php?rest_route=%2Fwp%2Fv2%2Fcomments&post=1441"}],"version-history":[{"count":8,"href":"http:\/\/www.brzezialaka.archidiecezja.wroc.pl\/parafia\/index.php?rest_route=\/wp\/v2\/pages\/1441\/revisions"}],"predecessor-version":[{"id":1544,"href":"http:\/\/www.brzezialaka.archidiecezja.wroc.pl\/parafia\/index.php?rest_route=\/wp\/v2\/pages\/1441\/revisions\/1544"}],"wp:attachment":[{"href":"http:\/\/www.brzezialaka.archidiecezja.wroc.pl\/parafia\/index.php?rest_route=%2Fwp%2Fv2%2Fmedia&parent=1441"}],"curies":[{"name":"wp","href":"https:\/\/api.w.org\/{rel}","templated":true}]}}